{"id":36,"date":"2023-03-26T12:16:17","date_gmt":"2023-03-26T12:16:17","guid":{"rendered":"https:\/\/sb.foxdenimmo.ch\/wp\/?page_id=36"},"modified":"2025-03-25T21:30:46","modified_gmt":"2025-03-25T19:30:46","slug":"ueberbauung-schoenbueel","status":"publish","type":"page","link":"https:\/\/foxdenimmo.ch\/?page_id=36","title":{"rendered":"\u00dcberbauung Sch\u00f6nb\u00fcelstrasse"},"content":{"rendered":"\n<p><strong>Alle Wohnungen sind derzeit vermietet.<\/strong><\/p>\n\n\n\n<p>Vier Neubauwohnungen (2024) in ruhigem Quartier mit einzigartiger See- und Bergsicht in Pf\u00e4ffikon ZH.<\/p>\n\n\n\n<p><br>An der Sch\u00f6nb\u00fcelstrasse befinden sich vier grossz\u00fcgige Mietwohnungen im Eigentumsstandard mit eigener Waschk\u00fcche und eigenem Kellerabteil. Die Liegenschaft befindet sich am Rande des Dorfes in verkehrsarmer Gegend und ist lediglich 350m von der n\u00e4chsten Bushaltestelle entfernt, von welcher der Bahnhof Pf\u00e4ffikon ZH innert 4 Minuten erreicht werden kann. Zu Fuss gelangt man innert 15 Minuten zum Bahnhof, wo die S-Bahn Linien S3 und S19 halt machen.<\/p>\n\n\n\n<figure class=\"wp-block-image size-large is-resized\"><img fetchpriority=\"high\" decoding=\"async\" width=\"1024\" height=\"482\" src=\"https:\/\/foxdenimmo.ch\/wp-content\/uploads\/2023\/05\/MFH-Aussen-1024x482.png\" alt=\"\" class=\"wp-image-165\" style=\"width:977px;height:460px\" srcset=\"https:\/\/foxdenimmo.ch\/wp-content\/uploads\/2023\/05\/MFH-Aussen-1024x482.png 1024w, https:\/\/foxdenimmo.ch\/wp-content\/uploads\/2023\/05\/MFH-Aussen-300x141.png 300w, https:\/\/foxdenimmo.ch\/wp-content\/uploads\/2023\/05\/MFH-Aussen-768x362.png 768w, https:\/\/foxdenimmo.ch\/wp-content\/uploads\/2023\/05\/MFH-Aussen-1536x723.png 1536w, https:\/\/foxdenimmo.ch\/wp-content\/uploads\/2023\/05\/MFH-Aussen.png 1950w\" sizes=\"(max-width: 706px) 89vw, (max-width: 767px) 82vw, 740px\" \/><figcaption class=\"wp-element-caption\">Aussenansicht MFH<\/figcaption><\/figure>\n\n\n\n<h5 class=\"wp-block-heading\">Natur und erholung<\/h5>\n\n\n\n<p>Die Wohnungen an erh\u00f6hter, unverbaubarer Lage bieten Blick auf den Pf\u00e4ffikersee, auf Pilatus, Rigi, Mythen und die Glarner Alpen. Dank den grossen, nach S\u00fcdwesten ausgerichteten Fensterfronten im Wohnbereich kommt man jederzeit in den Genuss dieser spektakul\u00e4ren Aussicht, w\u00e4hrend die grossz\u00fcgigen Sitzpl\u00e4tze respektive Balkone zum Verweilen einladen.<br>Direkt vor der Haust\u00fcr befinden sich Felder und W\u00e4lder, w\u00e4hrend der Pf\u00e4ffikersee &#8211; ein Naturschutzgebiet von biologischem und kulturellem Wert &#8211; nur wenige Gehminuten entfernt ist.<\/p>\n\n\n\n<figure class=\"wp-block-image size-large is-resized\"><img decoding=\"async\" width=\"1024\" height=\"768\" src=\"https:\/\/foxdenimmo.ch\/wp-content\/uploads\/2023\/06\/WhatsApp-Image-2023-06-15-at-21.27.24-1024x768.jpeg\" alt=\"\" class=\"wp-image-242\" style=\"width:674px;height:505px\" srcset=\"https:\/\/foxdenimmo.ch\/wp-content\/uploads\/2023\/06\/WhatsApp-Image-2023-06-15-at-21.27.24-1024x768.jpeg 1024w, https:\/\/foxdenimmo.ch\/wp-content\/uploads\/2023\/06\/WhatsApp-Image-2023-06-15-at-21.27.24-300x225.jpeg 300w, https:\/\/foxdenimmo.ch\/wp-content\/uploads\/2023\/06\/WhatsApp-Image-2023-06-15-at-21.27.24-768x576.jpeg 768w, https:\/\/foxdenimmo.ch\/wp-content\/uploads\/2023\/06\/WhatsApp-Image-2023-06-15-at-21.27.24-1536x1152.jpeg 1536w, https:\/\/foxdenimmo.ch\/wp-content\/uploads\/2023\/06\/WhatsApp-Image-2023-06-15-at-21.27.24.jpeg 2048w\" sizes=\"(max-width: 706px) 89vw, (max-width: 767px) 82vw, 740px\" \/><\/figure>\n\n\n\n<p class=\"has-text-align-center\"><em>Aussicht Gartenwohnungen<\/em> (Ausschnitt)<\/p>\n\n\n\n<h5 class=\"wp-block-heading\">Nachhaltigkeit im fokus<\/h5>\n\n\n\n<p>Neben hochwertigem Ausbau geniesst auch Nachhaltigkeit einen hohen Stellenwert. Deshalb wird Regenwasser gespeichert, um dieses f\u00fcr Toilettensp\u00fclungen und Gartenbew\u00e4sserung zu nutzen. Auch die Waschmaschine ist am Regenwasser angeschlossen. Dies hat nat\u00fcrlich keinen negativen Einfluss auf die Reinheit der Kleidung, kommt jedoch der Umwelt zugute. Denn w\u00e4hrend wertvolles Trinkwasser eingespart werden kann, werden auch weniger Waschmittel, Entkalker und Weichmacher ben\u00f6tigt. <br>Die 48 kWp Photovoltaik-Anlage auf dem Dach deckt einen Teil des Strombedarfs der Mietparteien. Die sieben Garagenpl\u00e4tze sind f\u00fcr Elektromobilit\u00e4t vorbereitet, so dass auf Mieterwunsch eine Wall-Box montiert werden kann.<br>Und dank der kontrollierten Wohnrauml\u00fcftung herrscht jederzeit ein angenehmes Raumklima.<\/p>\n\n\n\n<figure class=\"wp-block-image size-large\"><img decoding=\"async\" width=\"1024\" height=\"768\" src=\"https:\/\/foxdenimmo.ch\/wp-content\/uploads\/2023\/07\/20230715_141642-1024x768.jpg\" alt=\"\" class=\"wp-image-249\" srcset=\"https:\/\/foxdenimmo.ch\/wp-content\/uploads\/2023\/07\/20230715_141642-1024x768.jpg 1024w, https:\/\/foxdenimmo.ch\/wp-content\/uploads\/2023\/07\/20230715_141642-300x225.jpg 300w, https:\/\/foxdenimmo.ch\/wp-content\/uploads\/2023\/07\/20230715_141642-768x576.jpg 768w, https:\/\/foxdenimmo.ch\/wp-content\/uploads\/2023\/07\/20230715_141642-1536x1152.jpg 1536w, https:\/\/foxdenimmo.ch\/wp-content\/uploads\/2023\/07\/20230715_141642-2048x1536.jpg 2048w\" sizes=\"(max-width: 706px) 89vw, (max-width: 767px) 82vw, 740px\" \/><\/figure>\n\n\n\n<p class=\"has-text-align-center\"><em>Aussicht Wohnungen 1. Obergeschoss <\/em>(Ausschnitt)<\/p>\n\n\n\n<h5 class=\"wp-block-heading\">Mehr Informationen<\/h5>\n\n\n\n<p>Bitte klicken Sie auf den Link zu den einzelnen Wohnungen, um detailliertere Informationen zu erhalten.<\/p>\n\n\n\n<ul class=\"wp-block-list\">\n<li><a href=\"https:\/\/foxdenimmo.ch\/?page_id=42\">WHG-01: 4,5 Zimmer Garten-Wohnung im Erdgeschoss<\/a><\/li>\n\n\n\n<li><a href=\"https:\/\/foxdenimmo.ch\/?page_id=108\">WHG-02: 3,5 Zimmer Garten-Wohnung im Erdgeschoss<\/a><\/li>\n\n\n\n<li><a href=\"https:\/\/foxdenimmo.ch\/?page_id=120\">WHG-03: 4,5 Zimmer Wohnung im 1. Obergeschoss<\/a><\/li>\n\n\n\n<li><a href=\"https:\/\/foxdenimmo.ch\/?page_id=118\">WHG-04: 3,5 Zimmer Wohnung im 1. Obergeschoss<\/a><\/li>\n\n\n\n<li><a href=\"https:\/\/foxdenimmo.ch\/?page_id=200\">Garagenpl\u00e4tze<\/a><\/li>\n\n\n\n<li><a href=\"https:\/\/foxdenimmo.ch\/?page_id=202\">Abstellraum \/ Hobbyraum<\/a><\/li>\n<\/ul>\n","protected":false},"excerpt":{"rendered":"<p>Alle Wohnungen sind derzeit vermietet. Vier Neubauwohnungen (2024) in ruhigem Quartier mit einzigartiger See- und Bergsicht in Pf\u00e4ffikon ZH. An der Sch\u00f6nb\u00fcelstrasse befinden sich vier grossz\u00fcgige Mietwohnungen im Eigentumsstandard mit eigener Waschk\u00fcche und eigenem Kellerabteil. Die Liegenschaft befindet sich am Rande des Dorfes in verkehrsarmer Gegend und ist lediglich 350m von der n\u00e4chsten Bushaltestelle entfernt, &hellip; <\/p>\n<p class=\"link-more\"><a href=\"https:\/\/foxdenimmo.ch\/?page_id=36\" class=\"more-link\"><span class=\"screen-reader-text\">\u201e\u00dcberbauung Sch\u00f6nb\u00fcelstrasse\u201c <\/span>weiterlesen<\/a><\/p>\n","protected":false},"author":1,"featured_media":161,"parent":0,"menu_order":0,"comment_status":"closed","ping_status":"closed","template":"","meta":{"footnotes":""},"class_list":["post-36","page","type-page","status-publish","has-post-thumbnail","hentry"],"yoast_head":"<!-- This site is optimized with the Yoast SEO plugin v27.3 - https:\/\/yoast.com\/product\/yoast-seo-wordpress\/ -->\n<title>\u00dcberbauung Sch\u00f6nb\u00fcelstrasse - FoxDen Immo AG<\/title>\n<meta name=\"description\" content=\"Neubau mit vier Mietwohnungen an der Sch\u00f6nb\u00fcelstrasse in Pf\u00e4ffikon. Erstvermietung der hochwertigen Wohnungen im Eigentumsstandard.\" \/>\n<meta name=\"robots\" content=\"index, follow, max-snippet:-1, max-image-preview:large, max-video-preview:-1\" \/>\n<link rel=\"canonical\" href=\"https:\/\/foxdenimmo.ch\/?page_id=36\" \/>\n<meta property=\"og:locale\" content=\"de_DE\" \/>\n<meta property=\"og:type\" content=\"article\" \/>\n<meta property=\"og:title\" content=\"\u00dcberbauung Sch\u00f6nb\u00fcelstrasse - FoxDen Immo AG\" \/>\n<meta property=\"og:description\" content=\"Neubau mit vier Mietwohnungen an der Sch\u00f6nb\u00fcelstrasse in Pf\u00e4ffikon. Erstvermietung der hochwertigen Wohnungen im Eigentumsstandard.\" \/>\n<meta property=\"og:url\" content=\"https:\/\/foxdenimmo.ch\/?page_id=36\" \/>\n<meta property=\"og:site_name\" content=\"FoxDen Immo AG\" \/>\n<meta property=\"article:modified_time\" content=\"2025-03-25T19:30:46+00:00\" \/>\n<meta property=\"og:image\" content=\"https:\/\/foxdenimmo.ch\/wp-content\/uploads\/2023\/04\/MSC_6189-1-2-scaled.jpg\" \/>\n\t<meta property=\"og:image:width\" content=\"2560\" \/>\n\t<meta property=\"og:image:height\" content=\"1008\" \/>\n\t<meta property=\"og:image:type\" content=\"image\/jpeg\" \/>\n<meta name=\"twitter:card\" content=\"summary_large_image\" \/>\n<meta name=\"twitter:label1\" content=\"Gesch\u00e4tzte Lesezeit\" \/>\n\t<meta name=\"twitter:data1\" content=\"3\u00a0Minuten\" \/>\n<script type=\"application\/ld+json\" class=\"yoast-schema-graph\">{\"@context\":\"https:\\\/\\\/schema.org\",\"@graph\":[{\"@type\":\"WebPage\",\"@id\":\"https:\\\/\\\/foxdenimmo.ch\\\/?page_id=36\",\"url\":\"https:\\\/\\\/foxdenimmo.ch\\\/?page_id=36\",\"name\":\"\u00dcberbauung Sch\u00f6nb\u00fcelstrasse - FoxDen Immo AG\",\"isPartOf\":{\"@id\":\"https:\\\/\\\/foxdenimmo.ch\\\/#website\"},\"primaryImageOfPage\":{\"@id\":\"https:\\\/\\\/foxdenimmo.ch\\\/?page_id=36#primaryimage\"},\"image\":{\"@id\":\"https:\\\/\\\/foxdenimmo.ch\\\/?page_id=36#primaryimage\"},\"thumbnailUrl\":\"https:\\\/\\\/foxdenimmo.ch\\\/wp-content\\\/uploads\\\/2023\\\/04\\\/MSC_6189-1-2-scaled.jpg\",\"datePublished\":\"2023-03-26T12:16:17+00:00\",\"dateModified\":\"2025-03-25T19:30:46+00:00\",\"description\":\"Neubau mit vier Mietwohnungen an der Sch\u00f6nb\u00fcelstrasse in Pf\u00e4ffikon. Erstvermietung der hochwertigen Wohnungen im Eigentumsstandard.\",\"breadcrumb\":{\"@id\":\"https:\\\/\\\/foxdenimmo.ch\\\/?page_id=36#breadcrumb\"},\"inLanguage\":\"de\",\"potentialAction\":[{\"@type\":\"ReadAction\",\"target\":[\"https:\\\/\\\/foxdenimmo.ch\\\/?page_id=36\"]}]},{\"@type\":\"ImageObject\",\"inLanguage\":\"de\",\"@id\":\"https:\\\/\\\/foxdenimmo.ch\\\/?page_id=36#primaryimage\",\"url\":\"https:\\\/\\\/foxdenimmo.ch\\\/wp-content\\\/uploads\\\/2023\\\/04\\\/MSC_6189-1-2-scaled.jpg\",\"contentUrl\":\"https:\\\/\\\/foxdenimmo.ch\\\/wp-content\\\/uploads\\\/2023\\\/04\\\/MSC_6189-1-2-scaled.jpg\",\"width\":2560,\"height\":1008},{\"@type\":\"BreadcrumbList\",\"@id\":\"https:\\\/\\\/foxdenimmo.ch\\\/?page_id=36#breadcrumb\",\"itemListElement\":[{\"@type\":\"ListItem\",\"position\":1,\"name\":\"Startseite\",\"item\":\"https:\\\/\\\/foxdenimmo.ch\\\/\"},{\"@type\":\"ListItem\",\"position\":2,\"name\":\"\u00dcberbauung Sch\u00f6nb\u00fcelstrasse\"}]},{\"@type\":\"WebSite\",\"@id\":\"https:\\\/\\\/foxdenimmo.ch\\\/#website\",\"url\":\"https:\\\/\\\/foxdenimmo.ch\\\/\",\"name\":\"FoxDen Immo AG\",\"description\":\"\",\"publisher\":{\"@id\":\"https:\\\/\\\/foxdenimmo.ch\\\/#organization\"},\"potentialAction\":[{\"@type\":\"SearchAction\",\"target\":{\"@type\":\"EntryPoint\",\"urlTemplate\":\"https:\\\/\\\/foxdenimmo.ch\\\/?s={search_term_string}\"},\"query-input\":{\"@type\":\"PropertyValueSpecification\",\"valueRequired\":true,\"valueName\":\"search_term_string\"}}],\"inLanguage\":\"de\"},{\"@type\":\"Organization\",\"@id\":\"https:\\\/\\\/foxdenimmo.ch\\\/#organization\",\"name\":\"FoxDen Immo AG\",\"url\":\"https:\\\/\\\/foxdenimmo.ch\\\/\",\"logo\":{\"@type\":\"ImageObject\",\"inLanguage\":\"de\",\"@id\":\"https:\\\/\\\/foxdenimmo.ch\\\/#\\\/schema\\\/logo\\\/image\\\/\",\"url\":\"https:\\\/\\\/foxdenimmo.ch\\\/wp-content\\\/uploads\\\/2023\\\/03\\\/cropped-logo-orange-transparent-whiteFont.png\",\"contentUrl\":\"https:\\\/\\\/foxdenimmo.ch\\\/wp-content\\\/uploads\\\/2023\\\/03\\\/cropped-logo-orange-transparent-whiteFont.png\",\"width\":605,\"height\":250,\"caption\":\"FoxDen Immo AG\"},\"image\":{\"@id\":\"https:\\\/\\\/foxdenimmo.ch\\\/#\\\/schema\\\/logo\\\/image\\\/\"}}]}<\/script>\n<!-- \/ Yoast SEO plugin. -->","yoast_head_json":{"title":"\u00dcberbauung Sch\u00f6nb\u00fcelstrasse - FoxDen Immo AG","description":"Neubau mit vier Mietwohnungen an der Sch\u00f6nb\u00fcelstrasse in Pf\u00e4ffikon. Erstvermietung der hochwertigen Wohnungen im Eigentumsstandard.","robots":{"index":"index","follow":"follow","max-snippet":"max-snippet:-1","max-image-preview":"max-image-preview:large","max-video-preview":"max-video-preview:-1"},"canonical":"https:\/\/foxdenimmo.ch\/?page_id=36","og_locale":"de_DE","og_type":"article","og_title":"\u00dcberbauung Sch\u00f6nb\u00fcelstrasse - FoxDen Immo AG","og_description":"Neubau mit vier Mietwohnungen an der Sch\u00f6nb\u00fcelstrasse in Pf\u00e4ffikon. Erstvermietung der hochwertigen Wohnungen im Eigentumsstandard.","og_url":"https:\/\/foxdenimmo.ch\/?page_id=36","og_site_name":"FoxDen Immo AG","article_modified_time":"2025-03-25T19:30:46+00:00","og_image":[{"width":2560,"height":1008,"url":"https:\/\/foxdenimmo.ch\/wp-content\/uploads\/2023\/04\/MSC_6189-1-2-scaled.jpg","type":"image\/jpeg"}],"twitter_card":"summary_large_image","twitter_misc":{"Gesch\u00e4tzte Lesezeit":"3\u00a0Minuten"},"schema":{"@context":"https:\/\/schema.org","@graph":[{"@type":"WebPage","@id":"https:\/\/foxdenimmo.ch\/?page_id=36","url":"https:\/\/foxdenimmo.ch\/?page_id=36","name":"\u00dcberbauung Sch\u00f6nb\u00fcelstrasse - FoxDen Immo AG","isPartOf":{"@id":"https:\/\/foxdenimmo.ch\/#website"},"primaryImageOfPage":{"@id":"https:\/\/foxdenimmo.ch\/?page_id=36#primaryimage"},"image":{"@id":"https:\/\/foxdenimmo.ch\/?page_id=36#primaryimage"},"thumbnailUrl":"https:\/\/foxdenimmo.ch\/wp-content\/uploads\/2023\/04\/MSC_6189-1-2-scaled.jpg","datePublished":"2023-03-26T12:16:17+00:00","dateModified":"2025-03-25T19:30:46+00:00","description":"Neubau mit vier Mietwohnungen an der Sch\u00f6nb\u00fcelstrasse in Pf\u00e4ffikon. Erstvermietung der hochwertigen Wohnungen im Eigentumsstandard.","breadcrumb":{"@id":"https:\/\/foxdenimmo.ch\/?page_id=36#breadcrumb"},"inLanguage":"de","potentialAction":[{"@type":"ReadAction","target":["https:\/\/foxdenimmo.ch\/?page_id=36"]}]},{"@type":"ImageObject","inLanguage":"de","@id":"https:\/\/foxdenimmo.ch\/?page_id=36#primaryimage","url":"https:\/\/foxdenimmo.ch\/wp-content\/uploads\/2023\/04\/MSC_6189-1-2-scaled.jpg","contentUrl":"https:\/\/foxdenimmo.ch\/wp-content\/uploads\/2023\/04\/MSC_6189-1-2-scaled.jpg","width":2560,"height":1008},{"@type":"BreadcrumbList","@id":"https:\/\/foxdenimmo.ch\/?page_id=36#breadcrumb","itemListElement":[{"@type":"ListItem","position":1,"name":"Startseite","item":"https:\/\/foxdenimmo.ch\/"},{"@type":"ListItem","position":2,"name":"\u00dcberbauung Sch\u00f6nb\u00fcelstrasse"}]},{"@type":"WebSite","@id":"https:\/\/foxdenimmo.ch\/#website","url":"https:\/\/foxdenimmo.ch\/","name":"FoxDen Immo AG","description":"","publisher":{"@id":"https:\/\/foxdenimmo.ch\/#organization"},"potentialAction":[{"@type":"SearchAction","target":{"@type":"EntryPoint","urlTemplate":"https:\/\/foxdenimmo.ch\/?s={search_term_string}"},"query-input":{"@type":"PropertyValueSpecification","valueRequired":true,"valueName":"search_term_string"}}],"inLanguage":"de"},{"@type":"Organization","@id":"https:\/\/foxdenimmo.ch\/#organization","name":"FoxDen Immo AG","url":"https:\/\/foxdenimmo.ch\/","logo":{"@type":"ImageObject","inLanguage":"de","@id":"https:\/\/foxdenimmo.ch\/#\/schema\/logo\/image\/","url":"https:\/\/foxdenimmo.ch\/wp-content\/uploads\/2023\/03\/cropped-logo-orange-transparent-whiteFont.png","contentUrl":"https:\/\/foxdenimmo.ch\/wp-content\/uploads\/2023\/03\/cropped-logo-orange-transparent-whiteFont.png","width":605,"height":250,"caption":"FoxDen Immo AG"},"image":{"@id":"https:\/\/foxdenimmo.ch\/#\/schema\/logo\/image\/"}}]}},"jetpack_sharing_enabled":true,"_links":{"self":[{"href":"https:\/\/foxdenimmo.ch\/index.php?rest_route=\/wp\/v2\/pages\/36","targetHints":{"allow":["GET"]}}],"collection":[{"href":"https:\/\/foxdenimmo.ch\/index.php?rest_route=\/wp\/v2\/pages"}],"about":[{"href":"https:\/\/foxdenimmo.ch\/index.php?rest_route=\/wp\/v2\/types\/page"}],"author":[{"embeddable":true,"href":"https:\/\/foxdenimmo.ch\/index.php?rest_route=\/wp\/v2\/users\/1"}],"replies":[{"embeddable":true,"href":"https:\/\/foxdenimmo.ch\/index.php?rest_route=%2Fwp%2Fv2%2Fcomments&post=36"}],"version-history":[{"count":28,"href":"https:\/\/foxdenimmo.ch\/index.php?rest_route=\/wp\/v2\/pages\/36\/revisions"}],"predecessor-version":[{"id":362,"href":"https:\/\/foxdenimmo.ch\/index.php?rest_route=\/wp\/v2\/pages\/36\/revisions\/362"}],"wp:featuredmedia":[{"embeddable":true,"href":"https:\/\/foxdenimmo.ch\/index.php?rest_route=\/wp\/v2\/media\/161"}],"wp:attachment":[{"href":"https:\/\/foxdenimmo.ch\/index.php?rest_route=%2Fwp%2Fv2%2Fmedia&parent=36"}],"curies":[{"name":"wp","href":"https:\/\/api.w.org\/{rel}","templated":true}]}}