{"id":202,"date":"2023-05-01T14:55:07","date_gmt":"2023-05-01T12:55:07","guid":{"rendered":"https:\/\/foxdenimmo.ch\/?page_id=202"},"modified":"2023-07-17T21:15:30","modified_gmt":"2023-07-17T19:15:30","slug":"hobbyraum","status":"publish","type":"page","link":"https:\/\/foxdenimmo.ch\/?page_id=202","title":{"rendered":"Abstellraum"},"content":{"rendered":"\n<p>Ein Abstellraum \/ Hobbyraum mit knapp 16m2 steht zus\u00e4tzlich zur Miete zur Verf\u00fcgung.<\/p>\n\n\n\n<figure class=\"wp-block-image size-full\"><img fetchpriority=\"high\" decoding=\"async\" width=\"524\" height=\"384\" src=\"https:\/\/foxdenimmo.ch\/wp-content\/uploads\/2023\/05\/Untergeschoss_Grundriss-e1689621273996.png\" alt=\"\" class=\"wp-image-222\" srcset=\"https:\/\/foxdenimmo.ch\/wp-content\/uploads\/2023\/05\/Untergeschoss_Grundriss-e1689621273996.png 524w, https:\/\/foxdenimmo.ch\/wp-content\/uploads\/2023\/05\/Untergeschoss_Grundriss-e1689621273996-300x220.png 300w\" sizes=\"(max-width: 524px) 100vw, 524px\" \/><\/figure>\n","protected":false},"excerpt":{"rendered":"<p>Ein Abstellraum \/ Hobbyraum mit knapp 16m2 steht zus\u00e4tzlich zur Miete zur Verf\u00fcgung.<\/p>\n","protected":false},"author":1,"featured_media":0,"parent":36,"menu_order":0,"comment_status":"closed","ping_status":"closed","template":"","meta":{"footnotes":""},"class_list":["post-202","page","type-page","status-publish","hentry"],"yoast_head":"<!-- This site is optimized with the Yoast SEO plugin v27.3 - https:\/\/yoast.com\/product\/yoast-seo-wordpress\/ -->\n<title>Abstellraum - FoxDen Immo AG<\/title>\n<meta name=\"robots\" content=\"index, follow, max-snippet:-1, max-image-preview:large, max-video-preview:-1\" \/>\n<link rel=\"canonical\" href=\"https:\/\/foxdenimmo.ch\/?page_id=202\" \/>\n<meta property=\"og:locale\" content=\"de_DE\" \/>\n<meta property=\"og:type\" content=\"article\" \/>\n<meta property=\"og:title\" content=\"Abstellraum - FoxDen Immo AG\" \/>\n<meta property=\"og:description\" content=\"Ein Abstellraum \/ Hobbyraum mit knapp 16m2 steht zus\u00e4tzlich zur Miete zur Verf\u00fcgung.\" \/>\n<meta property=\"og:url\" content=\"https:\/\/foxdenimmo.ch\/?page_id=202\" \/>\n<meta property=\"og:site_name\" content=\"FoxDen Immo AG\" \/>\n<meta property=\"article:modified_time\" content=\"2023-07-17T19:15:30+00:00\" \/>\n<meta property=\"og:image\" content=\"https:\/\/foxdenimmo.ch\/wp-content\/uploads\/2023\/05\/Untergeschoss_Grundriss-e1689621273996.png\" \/>\n<meta name=\"twitter:card\" content=\"summary_large_image\" \/>\n<meta name=\"twitter:label1\" content=\"Gesch\u00e4tzte Lesezeit\" \/>\n\t<meta name=\"twitter:data1\" content=\"1\u00a0Minute\" \/>\n<script type=\"application\/ld+json\" class=\"yoast-schema-graph\">{\"@context\":\"https:\\\/\\\/schema.org\",\"@graph\":[{\"@type\":\"WebPage\",\"@id\":\"https:\\\/\\\/foxdenimmo.ch\\\/?page_id=202\",\"url\":\"https:\\\/\\\/foxdenimmo.ch\\\/?page_id=202\",\"name\":\"Abstellraum - FoxDen Immo AG\",\"isPartOf\":{\"@id\":\"https:\\\/\\\/foxdenimmo.ch\\\/#website\"},\"primaryImageOfPage\":{\"@id\":\"https:\\\/\\\/foxdenimmo.ch\\\/?page_id=202#primaryimage\"},\"image\":{\"@id\":\"https:\\\/\\\/foxdenimmo.ch\\\/?page_id=202#primaryimage\"},\"thumbnailUrl\":\"https:\\\/\\\/foxdenimmo.ch\\\/wp-content\\\/uploads\\\/2023\\\/05\\\/Untergeschoss_Grundriss-e1689621273996.png\",\"datePublished\":\"2023-05-01T12:55:07+00:00\",\"dateModified\":\"2023-07-17T19:15:30+00:00\",\"breadcrumb\":{\"@id\":\"https:\\\/\\\/foxdenimmo.ch\\\/?page_id=202#breadcrumb\"},\"inLanguage\":\"de\",\"potentialAction\":[{\"@type\":\"ReadAction\",\"target\":[\"https:\\\/\\\/foxdenimmo.ch\\\/?page_id=202\"]}]},{\"@type\":\"ImageObject\",\"inLanguage\":\"de\",\"@id\":\"https:\\\/\\\/foxdenimmo.ch\\\/?page_id=202#primaryimage\",\"url\":\"https:\\\/\\\/foxdenimmo.ch\\\/wp-content\\\/uploads\\\/2023\\\/05\\\/Untergeschoss_Grundriss-e1689621273996.png\",\"contentUrl\":\"https:\\\/\\\/foxdenimmo.ch\\\/wp-content\\\/uploads\\\/2023\\\/05\\\/Untergeschoss_Grundriss-e1689621273996.png\",\"width\":524,\"height\":384},{\"@type\":\"BreadcrumbList\",\"@id\":\"https:\\\/\\\/foxdenimmo.ch\\\/?page_id=202#breadcrumb\",\"itemListElement\":[{\"@type\":\"ListItem\",\"position\":1,\"name\":\"Startseite\",\"item\":\"https:\\\/\\\/foxdenimmo.ch\\\/\"},{\"@type\":\"ListItem\",\"position\":2,\"name\":\"\u00dcberbauung Sch\u00f6nb\u00fcelstrasse\",\"item\":\"https:\\\/\\\/foxdenimmo.ch\\\/?page_id=36\"},{\"@type\":\"ListItem\",\"position\":3,\"name\":\"Abstellraum\"}]},{\"@type\":\"WebSite\",\"@id\":\"https:\\\/\\\/foxdenimmo.ch\\\/#website\",\"url\":\"https:\\\/\\\/foxdenimmo.ch\\\/\",\"name\":\"FoxDen Immo AG\",\"description\":\"\",\"publisher\":{\"@id\":\"https:\\\/\\\/foxdenimmo.ch\\\/#organization\"},\"potentialAction\":[{\"@type\":\"SearchAction\",\"target\":{\"@type\":\"EntryPoint\",\"urlTemplate\":\"https:\\\/\\\/foxdenimmo.ch\\\/?s={search_term_string}\"},\"query-input\":{\"@type\":\"PropertyValueSpecification\",\"valueRequired\":true,\"valueName\":\"search_term_string\"}}],\"inLanguage\":\"de\"},{\"@type\":\"Organization\",\"@id\":\"https:\\\/\\\/foxdenimmo.ch\\\/#organization\",\"name\":\"FoxDen Immo AG\",\"url\":\"https:\\\/\\\/foxdenimmo.ch\\\/\",\"logo\":{\"@type\":\"ImageObject\",\"inLanguage\":\"de\",\"@id\":\"https:\\\/\\\/foxdenimmo.ch\\\/#\\\/schema\\\/logo\\\/image\\\/\",\"url\":\"https:\\\/\\\/foxdenimmo.ch\\\/wp-content\\\/uploads\\\/2023\\\/03\\\/cropped-logo-orange-transparent-whiteFont.png\",\"contentUrl\":\"https:\\\/\\\/foxdenimmo.ch\\\/wp-content\\\/uploads\\\/2023\\\/03\\\/cropped-logo-orange-transparent-whiteFont.png\",\"width\":605,\"height\":250,\"caption\":\"FoxDen Immo AG\"},\"image\":{\"@id\":\"https:\\\/\\\/foxdenimmo.ch\\\/#\\\/schema\\\/logo\\\/image\\\/\"}}]}<\/script>\n<!-- \/ Yoast SEO plugin. -->","yoast_head_json":{"title":"Abstellraum - FoxDen Immo AG","robots":{"index":"index","follow":"follow","max-snippet":"max-snippet:-1","max-image-preview":"max-image-preview:large","max-video-preview":"max-video-preview:-1"},"canonical":"https:\/\/foxdenimmo.ch\/?page_id=202","og_locale":"de_DE","og_type":"article","og_title":"Abstellraum - FoxDen Immo AG","og_description":"Ein Abstellraum \/ Hobbyraum mit knapp 16m2 steht zus\u00e4tzlich zur Miete zur Verf\u00fcgung.","og_url":"https:\/\/foxdenimmo.ch\/?page_id=202","og_site_name":"FoxDen Immo AG","article_modified_time":"2023-07-17T19:15:30+00:00","og_image":[{"url":"https:\/\/foxdenimmo.ch\/wp-content\/uploads\/2023\/05\/Untergeschoss_Grundriss-e1689621273996.png","type":"","width":"","height":""}],"twitter_card":"summary_large_image","twitter_misc":{"Gesch\u00e4tzte Lesezeit":"1\u00a0Minute"},"schema":{"@context":"https:\/\/schema.org","@graph":[{"@type":"WebPage","@id":"https:\/\/foxdenimmo.ch\/?page_id=202","url":"https:\/\/foxdenimmo.ch\/?page_id=202","name":"Abstellraum - FoxDen Immo AG","isPartOf":{"@id":"https:\/\/foxdenimmo.ch\/#website"},"primaryImageOfPage":{"@id":"https:\/\/foxdenimmo.ch\/?page_id=202#primaryimage"},"image":{"@id":"https:\/\/foxdenimmo.ch\/?page_id=202#primaryimage"},"thumbnailUrl":"https:\/\/foxdenimmo.ch\/wp-content\/uploads\/2023\/05\/Untergeschoss_Grundriss-e1689621273996.png","datePublished":"2023-05-01T12:55:07+00:00","dateModified":"2023-07-17T19:15:30+00:00","breadcrumb":{"@id":"https:\/\/foxdenimmo.ch\/?page_id=202#breadcrumb"},"inLanguage":"de","potentialAction":[{"@type":"ReadAction","target":["https:\/\/foxdenimmo.ch\/?page_id=202"]}]},{"@type":"ImageObject","inLanguage":"de","@id":"https:\/\/foxdenimmo.ch\/?page_id=202#primaryimage","url":"https:\/\/foxdenimmo.ch\/wp-content\/uploads\/2023\/05\/Untergeschoss_Grundriss-e1689621273996.png","contentUrl":"https:\/\/foxdenimmo.ch\/wp-content\/uploads\/2023\/05\/Untergeschoss_Grundriss-e1689621273996.png","width":524,"height":384},{"@type":"BreadcrumbList","@id":"https:\/\/foxdenimmo.ch\/?page_id=202#breadcrumb","itemListElement":[{"@type":"ListItem","position":1,"name":"Startseite","item":"https:\/\/foxdenimmo.ch\/"},{"@type":"ListItem","position":2,"name":"\u00dcberbauung Sch\u00f6nb\u00fcelstrasse","item":"https:\/\/foxdenimmo.ch\/?page_id=36"},{"@type":"ListItem","position":3,"name":"Abstellraum"}]},{"@type":"WebSite","@id":"https:\/\/foxdenimmo.ch\/#website","url":"https:\/\/foxdenimmo.ch\/","name":"FoxDen Immo AG","description":"","publisher":{"@id":"https:\/\/foxdenimmo.ch\/#organization"},"potentialAction":[{"@type":"SearchAction","target":{"@type":"EntryPoint","urlTemplate":"https:\/\/foxdenimmo.ch\/?s={search_term_string}"},"query-input":{"@type":"PropertyValueSpecification","valueRequired":true,"valueName":"search_term_string"}}],"inLanguage":"de"},{"@type":"Organization","@id":"https:\/\/foxdenimmo.ch\/#organization","name":"FoxDen Immo AG","url":"https:\/\/foxdenimmo.ch\/","logo":{"@type":"ImageObject","inLanguage":"de","@id":"https:\/\/foxdenimmo.ch\/#\/schema\/logo\/image\/","url":"https:\/\/foxdenimmo.ch\/wp-content\/uploads\/2023\/03\/cropped-logo-orange-transparent-whiteFont.png","contentUrl":"https:\/\/foxdenimmo.ch\/wp-content\/uploads\/2023\/03\/cropped-logo-orange-transparent-whiteFont.png","width":605,"height":250,"caption":"FoxDen Immo AG"},"image":{"@id":"https:\/\/foxdenimmo.ch\/#\/schema\/logo\/image\/"}}]}},"jetpack_sharing_enabled":true,"_links":{"self":[{"href":"https:\/\/foxdenimmo.ch\/index.php?rest_route=\/wp\/v2\/pages\/202","targetHints":{"allow":["GET"]}}],"collection":[{"href":"https:\/\/foxdenimmo.ch\/index.php?rest_route=\/wp\/v2\/pages"}],"about":[{"href":"https:\/\/foxdenimmo.ch\/index.php?rest_route=\/wp\/v2\/types\/page"}],"author":[{"embeddable":true,"href":"https:\/\/foxdenimmo.ch\/index.php?rest_route=\/wp\/v2\/users\/1"}],"replies":[{"embeddable":true,"href":"https:\/\/foxdenimmo.ch\/index.php?rest_route=%2Fwp%2Fv2%2Fcomments&post=202"}],"version-history":[{"count":2,"href":"https:\/\/foxdenimmo.ch\/index.php?rest_route=\/wp\/v2\/pages\/202\/revisions"}],"predecessor-version":[{"id":253,"href":"https:\/\/foxdenimmo.ch\/index.php?rest_route=\/wp\/v2\/pages\/202\/revisions\/253"}],"up":[{"embeddable":true,"href":"https:\/\/foxdenimmo.ch\/index.php?rest_route=\/wp\/v2\/pages\/36"}],"wp:attachment":[{"href":"https:\/\/foxdenimmo.ch\/index.php?rest_route=%2Fwp%2Fv2%2Fmedia&parent=202"}],"curies":[{"name":"wp","href":"https:\/\/api.w.org\/{rel}","templated":true}]}}