{"id":120,"date":"2023-03-26T21:33:40","date_gmt":"2023-03-26T19:33:40","guid":{"rendered":"https:\/\/sb.foxdenimmo.ch\/wp\/?page_id=120"},"modified":"2023-09-29T16:45:17","modified_gmt":"2023-09-29T14:45:17","slug":"whg-03-45-zimmer-wohnung-og","status":"publish","type":"page","link":"https:\/\/foxdenimmo.ch\/?page_id=120","title":{"rendered":"WHG-03 &#8211; 4,5 Zimmer Wohnung im Obergeschoss"},"content":{"rendered":"\n<h5 class=\"wp-block-heading\">Beschreibung<\/h5>\n\n\n\n<p>Die grossz\u00fcgige 4,5 Zimmer Wohnung besticht mit knapp 125m2 Wohnfl\u00e4che, ihrem lichtdurchfluteten Wohnraum und den ger\u00e4umigen Zimmern. Die Wohnung verf\u00fcgt \u00fcber zwei Nasszellen, wobei das Master-Bad direkt vom Elternschlafzimmer zug\u00e4nglich ist.<\/p>\n\n\n\n<p>Die K\u00fcche mit Kochinsel bietet viel Stauraum, einen Glaskeramikherd mit eingelassenem Dampfabzug inkl. wartungsfreiem Plasmafilter, K\u00fchlschrank, Backofen und Steamer.<br>Im Eingangsbereich finden sich Garderobe und drei doppelfl\u00fcgelige Wandschr\u00e4nke f\u00fcr zus\u00e4tzlichen Stauraum.<\/p>\n\n\n\n<p>Vom grossz\u00fcgigen, hellen Wohnraum gelangt man auf den grossen Balkon, von welchem eine wunderbare Aussicht genossen werden kann.<\/p>\n\n\n\n<p>Die Wohnung verf\u00fcgt \u00fcber eine eigene Waschk\u00fcche und ein geschlossenes Kellerabteil im Untergeschoss.<\/p>\n\n\n\n<h5 class=\"wp-block-heading\">Details zur Ausstattung<\/h5>\n\n\n\n<ul class=\"wp-block-list\">\n<li>K\u00fcche mit K\u00fchlschrank, Geschirrsp\u00fcler, Backofen, Steamer, Glaskeramikherd mit im Kochfeld integriertem Abzug und Plasma Geruchsfilter (VZUG).<\/li>\n\n\n\n<li>Wohnraum, G\u00e4nge und Schlafzimmer mit&nbsp;Parkett, Eiche Landhausdielen&nbsp;<\/li>\n\n\n\n<li>Nasszellen mit keramischen Platten<\/li>\n\n\n\n<li>Balkon mit keramischen Platten<\/li>\n\n\n\n<li>Eingang Flur mit Garderobe und Einbauschr\u00e4nken<\/li>\n<\/ul>\n\n\n\n<h5 class=\"wp-block-heading\">Grundriss<\/h5>\n\n\n\n<figure class=\"wp-block-image size-large\"><img fetchpriority=\"high\" decoding=\"async\" width=\"641\" height=\"1024\" src=\"https:\/\/foxdenimmo.ch\/wp-content\/uploads\/2023\/05\/WHG-03_4.5-OG-Grundriss-641x1024.png\" alt=\"\" class=\"wp-image-215\" srcset=\"https:\/\/foxdenimmo.ch\/wp-content\/uploads\/2023\/05\/WHG-03_4.5-OG-Grundriss-641x1024.png 641w, https:\/\/foxdenimmo.ch\/wp-content\/uploads\/2023\/05\/WHG-03_4.5-OG-Grundriss-188x300.png 188w, https:\/\/foxdenimmo.ch\/wp-content\/uploads\/2023\/05\/WHG-03_4.5-OG-Grundriss-768x1227.png 768w, https:\/\/foxdenimmo.ch\/wp-content\/uploads\/2023\/05\/WHG-03_4.5-OG-Grundriss-961x1536.png 961w, https:\/\/foxdenimmo.ch\/wp-content\/uploads\/2023\/05\/WHG-03_4.5-OG-Grundriss.png 1091w\" sizes=\"(max-width: 641px) 100vw, 641px\" \/><figcaption class=\"wp-element-caption\">Grundriss WHG-03<\/figcaption><\/figure>\n\n\n\n<h5 class=\"wp-block-heading\">Waschk\u00fcche \/ Kellerraum<\/h5>\n\n\n\n<figure class=\"wp-block-image size-large\"><img decoding=\"async\" width=\"812\" height=\"1024\" src=\"https:\/\/foxdenimmo.ch\/wp-content\/uploads\/2023\/05\/WHG-03_4.5-OG-Keller-812x1024.png\" alt=\"\" class=\"wp-image-216\" srcset=\"https:\/\/foxdenimmo.ch\/wp-content\/uploads\/2023\/05\/WHG-03_4.5-OG-Keller-812x1024.png 812w, https:\/\/foxdenimmo.ch\/wp-content\/uploads\/2023\/05\/WHG-03_4.5-OG-Keller-238x300.png 238w, https:\/\/foxdenimmo.ch\/wp-content\/uploads\/2023\/05\/WHG-03_4.5-OG-Keller-768x968.png 768w, https:\/\/foxdenimmo.ch\/wp-content\/uploads\/2023\/05\/WHG-03_4.5-OG-Keller-1218x1536.png 1218w, https:\/\/foxdenimmo.ch\/wp-content\/uploads\/2023\/05\/WHG-03_4.5-OG-Keller-1624x2048.png 1624w, https:\/\/foxdenimmo.ch\/wp-content\/uploads\/2023\/05\/WHG-03_4.5-OG-Keller.png 1963w\" sizes=\"(max-width: 706px) 89vw, (max-width: 767px) 82vw, 740px\" \/><figcaption class=\"wp-element-caption\">Waschk\u00fcche \/ Keller WHG-03<\/figcaption><\/figure>\n","protected":false},"excerpt":{"rendered":"<p>Beschreibung Die grossz\u00fcgige 4,5 Zimmer Wohnung besticht mit knapp 125m2 Wohnfl\u00e4che, ihrem lichtdurchfluteten Wohnraum und den ger\u00e4umigen Zimmern. Die Wohnung verf\u00fcgt \u00fcber zwei Nasszellen, wobei das Master-Bad direkt vom Elternschlafzimmer zug\u00e4nglich ist. Die K\u00fcche mit Kochinsel bietet viel Stauraum, einen Glaskeramikherd mit eingelassenem Dampfabzug inkl. wartungsfreiem Plasmafilter, K\u00fchlschrank, Backofen und Steamer.Im Eingangsbereich finden sich Garderobe &hellip; <\/p>\n<p class=\"link-more\"><a href=\"https:\/\/foxdenimmo.ch\/?page_id=120\" class=\"more-link\"><span class=\"screen-reader-text\">\u201eWHG-03 &#8211; 4,5 Zimmer Wohnung im Obergeschoss\u201c <\/span>weiterlesen<\/a><\/p>\n","protected":false},"author":1,"featured_media":0,"parent":36,"menu_order":0,"comment_status":"closed","ping_status":"closed","template":"","meta":{"footnotes":""},"class_list":["post-120","page","type-page","status-publish","hentry"],"yoast_head":"<!-- This site is optimized with the Yoast SEO plugin v27.3 - https:\/\/yoast.com\/product\/yoast-seo-wordpress\/ -->\n<title>WHG-03 - 4,5 Zimmer Wohnung im Obergeschoss - FoxDen Immo AG<\/title>\n<meta name=\"robots\" content=\"index, follow, max-snippet:-1, max-image-preview:large, max-video-preview:-1\" \/>\n<link rel=\"canonical\" href=\"https:\/\/foxdenimmo.ch\/?page_id=120\" \/>\n<meta property=\"og:locale\" content=\"de_DE\" \/>\n<meta property=\"og:type\" content=\"article\" \/>\n<meta property=\"og:title\" content=\"WHG-03 - 4,5 Zimmer Wohnung im Obergeschoss - FoxDen Immo AG\" \/>\n<meta property=\"og:description\" content=\"Beschreibung Die grossz\u00fcgige 4,5 Zimmer Wohnung besticht mit knapp 125m2 Wohnfl\u00e4che, ihrem lichtdurchfluteten Wohnraum und den ger\u00e4umigen Zimmern. Die Wohnung verf\u00fcgt \u00fcber zwei Nasszellen, wobei das Master-Bad direkt vom Elternschlafzimmer zug\u00e4nglich ist. Die K\u00fcche mit Kochinsel bietet viel Stauraum, einen Glaskeramikherd mit eingelassenem Dampfabzug inkl. wartungsfreiem Plasmafilter, K\u00fchlschrank, Backofen und Steamer.Im Eingangsbereich finden sich Garderobe &hellip; \u201eWHG-03 &#8211; 4,5 Zimmer Wohnung im Obergeschoss\u201c weiterlesen\" \/>\n<meta property=\"og:url\" content=\"https:\/\/foxdenimmo.ch\/?page_id=120\" \/>\n<meta property=\"og:site_name\" content=\"FoxDen Immo AG\" \/>\n<meta property=\"article:modified_time\" content=\"2023-09-29T14:45:17+00:00\" \/>\n<meta property=\"og:image\" content=\"https:\/\/foxdenimmo.ch\/wp-content\/uploads\/2023\/05\/WHG-03_4.5-OG-Grundriss-641x1024.png\" \/>\n<meta name=\"twitter:card\" content=\"summary_large_image\" \/>\n<meta name=\"twitter:label1\" content=\"Gesch\u00e4tzte Lesezeit\" \/>\n\t<meta name=\"twitter:data1\" content=\"2\u00a0Minuten\" \/>\n<script type=\"application\/ld+json\" class=\"yoast-schema-graph\">{\"@context\":\"https:\\\/\\\/schema.org\",\"@graph\":[{\"@type\":\"WebPage\",\"@id\":\"https:\\\/\\\/foxdenimmo.ch\\\/?page_id=120\",\"url\":\"https:\\\/\\\/foxdenimmo.ch\\\/?page_id=120\",\"name\":\"WHG-03 - 4,5 Zimmer Wohnung im Obergeschoss - FoxDen Immo AG\",\"isPartOf\":{\"@id\":\"https:\\\/\\\/foxdenimmo.ch\\\/#website\"},\"primaryImageOfPage\":{\"@id\":\"https:\\\/\\\/foxdenimmo.ch\\\/?page_id=120#primaryimage\"},\"image\":{\"@id\":\"https:\\\/\\\/foxdenimmo.ch\\\/?page_id=120#primaryimage\"},\"thumbnailUrl\":\"https:\\\/\\\/foxdenimmo.ch\\\/wp-content\\\/uploads\\\/2023\\\/05\\\/WHG-03_4.5-OG-Grundriss-641x1024.png\",\"datePublished\":\"2023-03-26T19:33:40+00:00\",\"dateModified\":\"2023-09-29T14:45:17+00:00\",\"breadcrumb\":{\"@id\":\"https:\\\/\\\/foxdenimmo.ch\\\/?page_id=120#breadcrumb\"},\"inLanguage\":\"de\",\"potentialAction\":[{\"@type\":\"ReadAction\",\"target\":[\"https:\\\/\\\/foxdenimmo.ch\\\/?page_id=120\"]}]},{\"@type\":\"ImageObject\",\"inLanguage\":\"de\",\"@id\":\"https:\\\/\\\/foxdenimmo.ch\\\/?page_id=120#primaryimage\",\"url\":\"https:\\\/\\\/foxdenimmo.ch\\\/wp-content\\\/uploads\\\/2023\\\/05\\\/WHG-03_4.5-OG-Grundriss.png\",\"contentUrl\":\"https:\\\/\\\/foxdenimmo.ch\\\/wp-content\\\/uploads\\\/2023\\\/05\\\/WHG-03_4.5-OG-Grundriss.png\",\"width\":1091,\"height\":1743},{\"@type\":\"BreadcrumbList\",\"@id\":\"https:\\\/\\\/foxdenimmo.ch\\\/?page_id=120#breadcrumb\",\"itemListElement\":[{\"@type\":\"ListItem\",\"position\":1,\"name\":\"Startseite\",\"item\":\"https:\\\/\\\/foxdenimmo.ch\\\/\"},{\"@type\":\"ListItem\",\"position\":2,\"name\":\"\u00dcberbauung Sch\u00f6nb\u00fcelstrasse\",\"item\":\"https:\\\/\\\/foxdenimmo.ch\\\/?page_id=36\"},{\"@type\":\"ListItem\",\"position\":3,\"name\":\"WHG-03 &#8211; 4,5 Zimmer Wohnung im Obergeschoss\"}]},{\"@type\":\"WebSite\",\"@id\":\"https:\\\/\\\/foxdenimmo.ch\\\/#website\",\"url\":\"https:\\\/\\\/foxdenimmo.ch\\\/\",\"name\":\"FoxDen Immo AG\",\"description\":\"\",\"publisher\":{\"@id\":\"https:\\\/\\\/foxdenimmo.ch\\\/#organization\"},\"potentialAction\":[{\"@type\":\"SearchAction\",\"target\":{\"@type\":\"EntryPoint\",\"urlTemplate\":\"https:\\\/\\\/foxdenimmo.ch\\\/?s={search_term_string}\"},\"query-input\":{\"@type\":\"PropertyValueSpecification\",\"valueRequired\":true,\"valueName\":\"search_term_string\"}}],\"inLanguage\":\"de\"},{\"@type\":\"Organization\",\"@id\":\"https:\\\/\\\/foxdenimmo.ch\\\/#organization\",\"name\":\"FoxDen Immo AG\",\"url\":\"https:\\\/\\\/foxdenimmo.ch\\\/\",\"logo\":{\"@type\":\"ImageObject\",\"inLanguage\":\"de\",\"@id\":\"https:\\\/\\\/foxdenimmo.ch\\\/#\\\/schema\\\/logo\\\/image\\\/\",\"url\":\"https:\\\/\\\/foxdenimmo.ch\\\/wp-content\\\/uploads\\\/2023\\\/03\\\/cropped-logo-orange-transparent-whiteFont.png\",\"contentUrl\":\"https:\\\/\\\/foxdenimmo.ch\\\/wp-content\\\/uploads\\\/2023\\\/03\\\/cropped-logo-orange-transparent-whiteFont.png\",\"width\":605,\"height\":250,\"caption\":\"FoxDen Immo AG\"},\"image\":{\"@id\":\"https:\\\/\\\/foxdenimmo.ch\\\/#\\\/schema\\\/logo\\\/image\\\/\"}}]}<\/script>\n<!-- \/ Yoast SEO plugin. -->","yoast_head_json":{"title":"WHG-03 - 4,5 Zimmer Wohnung im Obergeschoss - FoxDen Immo AG","robots":{"index":"index","follow":"follow","max-snippet":"max-snippet:-1","max-image-preview":"max-image-preview:large","max-video-preview":"max-video-preview:-1"},"canonical":"https:\/\/foxdenimmo.ch\/?page_id=120","og_locale":"de_DE","og_type":"article","og_title":"WHG-03 - 4,5 Zimmer Wohnung im Obergeschoss - FoxDen Immo AG","og_description":"Beschreibung Die grossz\u00fcgige 4,5 Zimmer Wohnung besticht mit knapp 125m2 Wohnfl\u00e4che, ihrem lichtdurchfluteten Wohnraum und den ger\u00e4umigen Zimmern. Die Wohnung verf\u00fcgt \u00fcber zwei Nasszellen, wobei das Master-Bad direkt vom Elternschlafzimmer zug\u00e4nglich ist. Die K\u00fcche mit Kochinsel bietet viel Stauraum, einen Glaskeramikherd mit eingelassenem Dampfabzug inkl. wartungsfreiem Plasmafilter, K\u00fchlschrank, Backofen und Steamer.Im Eingangsbereich finden sich Garderobe &hellip; \u201eWHG-03 &#8211; 4,5 Zimmer Wohnung im Obergeschoss\u201c weiterlesen","og_url":"https:\/\/foxdenimmo.ch\/?page_id=120","og_site_name":"FoxDen Immo AG","article_modified_time":"2023-09-29T14:45:17+00:00","og_image":[{"url":"https:\/\/foxdenimmo.ch\/wp-content\/uploads\/2023\/05\/WHG-03_4.5-OG-Grundriss-641x1024.png","type":"","width":"","height":""}],"twitter_card":"summary_large_image","twitter_misc":{"Gesch\u00e4tzte Lesezeit":"2\u00a0Minuten"},"schema":{"@context":"https:\/\/schema.org","@graph":[{"@type":"WebPage","@id":"https:\/\/foxdenimmo.ch\/?page_id=120","url":"https:\/\/foxdenimmo.ch\/?page_id=120","name":"WHG-03 - 4,5 Zimmer Wohnung im Obergeschoss - FoxDen Immo AG","isPartOf":{"@id":"https:\/\/foxdenimmo.ch\/#website"},"primaryImageOfPage":{"@id":"https:\/\/foxdenimmo.ch\/?page_id=120#primaryimage"},"image":{"@id":"https:\/\/foxdenimmo.ch\/?page_id=120#primaryimage"},"thumbnailUrl":"https:\/\/foxdenimmo.ch\/wp-content\/uploads\/2023\/05\/WHG-03_4.5-OG-Grundriss-641x1024.png","datePublished":"2023-03-26T19:33:40+00:00","dateModified":"2023-09-29T14:45:17+00:00","breadcrumb":{"@id":"https:\/\/foxdenimmo.ch\/?page_id=120#breadcrumb"},"inLanguage":"de","potentialAction":[{"@type":"ReadAction","target":["https:\/\/foxdenimmo.ch\/?page_id=120"]}]},{"@type":"ImageObject","inLanguage":"de","@id":"https:\/\/foxdenimmo.ch\/?page_id=120#primaryimage","url":"https:\/\/foxdenimmo.ch\/wp-content\/uploads\/2023\/05\/WHG-03_4.5-OG-Grundriss.png","contentUrl":"https:\/\/foxdenimmo.ch\/wp-content\/uploads\/2023\/05\/WHG-03_4.5-OG-Grundriss.png","width":1091,"height":1743},{"@type":"BreadcrumbList","@id":"https:\/\/foxdenimmo.ch\/?page_id=120#breadcrumb","itemListElement":[{"@type":"ListItem","position":1,"name":"Startseite","item":"https:\/\/foxdenimmo.ch\/"},{"@type":"ListItem","position":2,"name":"\u00dcberbauung Sch\u00f6nb\u00fcelstrasse","item":"https:\/\/foxdenimmo.ch\/?page_id=36"},{"@type":"ListItem","position":3,"name":"WHG-03 &#8211; 4,5 Zimmer Wohnung im Obergeschoss"}]},{"@type":"WebSite","@id":"https:\/\/foxdenimmo.ch\/#website","url":"https:\/\/foxdenimmo.ch\/","name":"FoxDen Immo AG","description":"","publisher":{"@id":"https:\/\/foxdenimmo.ch\/#organization"},"potentialAction":[{"@type":"SearchAction","target":{"@type":"EntryPoint","urlTemplate":"https:\/\/foxdenimmo.ch\/?s={search_term_string}"},"query-input":{"@type":"PropertyValueSpecification","valueRequired":true,"valueName":"search_term_string"}}],"inLanguage":"de"},{"@type":"Organization","@id":"https:\/\/foxdenimmo.ch\/#organization","name":"FoxDen Immo AG","url":"https:\/\/foxdenimmo.ch\/","logo":{"@type":"ImageObject","inLanguage":"de","@id":"https:\/\/foxdenimmo.ch\/#\/schema\/logo\/image\/","url":"https:\/\/foxdenimmo.ch\/wp-content\/uploads\/2023\/03\/cropped-logo-orange-transparent-whiteFont.png","contentUrl":"https:\/\/foxdenimmo.ch\/wp-content\/uploads\/2023\/03\/cropped-logo-orange-transparent-whiteFont.png","width":605,"height":250,"caption":"FoxDen Immo AG"},"image":{"@id":"https:\/\/foxdenimmo.ch\/#\/schema\/logo\/image\/"}}]}},"jetpack_sharing_enabled":true,"_links":{"self":[{"href":"https:\/\/foxdenimmo.ch\/index.php?rest_route=\/wp\/v2\/pages\/120","targetHints":{"allow":["GET"]}}],"collection":[{"href":"https:\/\/foxdenimmo.ch\/index.php?rest_route=\/wp\/v2\/pages"}],"about":[{"href":"https:\/\/foxdenimmo.ch\/index.php?rest_route=\/wp\/v2\/types\/page"}],"author":[{"embeddable":true,"href":"https:\/\/foxdenimmo.ch\/index.php?rest_route=\/wp\/v2\/users\/1"}],"replies":[{"embeddable":true,"href":"https:\/\/foxdenimmo.ch\/index.php?rest_route=%2Fwp%2Fv2%2Fcomments&post=120"}],"version-history":[{"count":6,"href":"https:\/\/foxdenimmo.ch\/index.php?rest_route=\/wp\/v2\/pages\/120\/revisions"}],"predecessor-version":[{"id":287,"href":"https:\/\/foxdenimmo.ch\/index.php?rest_route=\/wp\/v2\/pages\/120\/revisions\/287"}],"up":[{"embeddable":true,"href":"https:\/\/foxdenimmo.ch\/index.php?rest_route=\/wp\/v2\/pages\/36"}],"wp:attachment":[{"href":"https:\/\/foxdenimmo.ch\/index.php?rest_route=%2Fwp%2Fv2%2Fmedia&parent=120"}],"curies":[{"name":"wp","href":"https:\/\/api.w.org\/{rel}","templated":true}]}}