{"id":108,"date":"2023-03-26T21:25:18","date_gmt":"2023-03-26T19:25:18","guid":{"rendered":"https:\/\/sb.foxdenimmo.ch\/wp\/?page_id=108"},"modified":"2023-09-29T16:44:52","modified_gmt":"2023-09-29T14:44:52","slug":"whg-02-35-zimmer-wohnung-erdgeschoss","status":"publish","type":"page","link":"https:\/\/foxdenimmo.ch\/?page_id=108","title":{"rendered":"WHG-02 &#8211; 3,5 Zimmer Gartenwohnung im Erdgeschoss"},"content":{"rendered":"\n<h5 class=\"wp-block-heading\">Beschreibung<\/h5>\n\n\n\n<p>Die grossz\u00fcgige 3,5 Zimmer Gartenwohnung verf\u00fcgt \u00fcber mehr als 100m2 Wohnfl\u00e4che und zwei Nasszellen. Im Eingangsbereich befindet sich eine Garderobe. Die offene K\u00fcche mit Kochinsel bietet viel Stauraum, einen Glaskeramikherd mit eingelassenem Dampfabzug inkl. wartungsfreiem Plasmafilter, K\u00fchlschrank und Backofen.<br>Vom ger\u00e4umigen, hellen Wohnraum gelangt man auf den grossen Sitzplatz, von welchem eine wunderbare Aussicht genossen werden kann.<\/p>\n\n\n\n<p>Die Wohnung verf\u00fcgt \u00fcber eine eigene Waschk\u00fcche und ein geschlossenes Kellerabteil im Untergeschoss.<\/p>\n\n\n\n<h5 class=\"wp-block-heading\">Details zur Ausstattung<\/h5>\n\n\n\n<ul class=\"wp-block-list\">\n<li>K\u00fcche mit K\u00fchlschrank, Geschirrsp\u00fcler, Backofen, Glaskeramikherd mit im Kochfeld integriertem Abzug und Plasma Geruchsfilter (VZUG).<\/li>\n\n\n\n<li>Wohnraum, G\u00e4nge und Schlafzimmer mit&nbsp;Parkett, Eiche Landhausdielen&nbsp;<\/li>\n\n\n\n<li>Nasszellen mit keramischen Platten<\/li>\n\n\n\n<li>Sitzplatz mit keramischen Platten<\/li>\n\n\n\n<li>Eingang mit Garderobe<\/li>\n<\/ul>\n\n\n\n<h5 class=\"wp-block-heading\">Grundriss<\/h5>\n\n\n\n<figure class=\"wp-block-image size-large\"><img fetchpriority=\"high\" decoding=\"async\" width=\"664\" height=\"1024\" src=\"https:\/\/foxdenimmo.ch\/wp-content\/uploads\/2023\/05\/WHG-02_3.5-EG-Grundriss-664x1024.png\" alt=\"\" class=\"wp-image-207\" srcset=\"https:\/\/foxdenimmo.ch\/wp-content\/uploads\/2023\/05\/WHG-02_3.5-EG-Grundriss-664x1024.png 664w, https:\/\/foxdenimmo.ch\/wp-content\/uploads\/2023\/05\/WHG-02_3.5-EG-Grundriss-195x300.png 195w, https:\/\/foxdenimmo.ch\/wp-content\/uploads\/2023\/05\/WHG-02_3.5-EG-Grundriss-768x1184.png 768w, https:\/\/foxdenimmo.ch\/wp-content\/uploads\/2023\/05\/WHG-02_3.5-EG-Grundriss-996x1536.png 996w, https:\/\/foxdenimmo.ch\/wp-content\/uploads\/2023\/05\/WHG-02_3.5-EG-Grundriss.png 1151w\" sizes=\"(max-width: 664px) 100vw, 664px\" \/><figcaption class=\"wp-element-caption\">Grundriss WHG-02<\/figcaption><\/figure>\n\n\n\n<h5 class=\"wp-block-heading\">Waschk\u00fcche \/ Kellerraum<\/h5>\n\n\n\n<figure class=\"wp-block-image size-large\"><img decoding=\"async\" width=\"801\" height=\"1024\" src=\"https:\/\/foxdenimmo.ch\/wp-content\/uploads\/2023\/05\/WHG-02_3.5-EG-Keller-801x1024.png\" alt=\"\" class=\"wp-image-208\" srcset=\"https:\/\/foxdenimmo.ch\/wp-content\/uploads\/2023\/05\/WHG-02_3.5-EG-Keller-801x1024.png 801w, https:\/\/foxdenimmo.ch\/wp-content\/uploads\/2023\/05\/WHG-02_3.5-EG-Keller-235x300.png 235w, https:\/\/foxdenimmo.ch\/wp-content\/uploads\/2023\/05\/WHG-02_3.5-EG-Keller-768x982.png 768w, https:\/\/foxdenimmo.ch\/wp-content\/uploads\/2023\/05\/WHG-02_3.5-EG-Keller-1201x1536.png 1201w, https:\/\/foxdenimmo.ch\/wp-content\/uploads\/2023\/05\/WHG-02_3.5-EG-Keller-1602x2048.png 1602w, https:\/\/foxdenimmo.ch\/wp-content\/uploads\/2023\/05\/WHG-02_3.5-EG-Keller.png 1936w\" sizes=\"(max-width: 706px) 89vw, (max-width: 767px) 82vw, 740px\" \/><figcaption class=\"wp-element-caption\">Waschk\u00fcche \/ Keller WHG-02<\/figcaption><\/figure>\n","protected":false},"excerpt":{"rendered":"<p>Beschreibung Die grossz\u00fcgige 3,5 Zimmer Gartenwohnung verf\u00fcgt \u00fcber mehr als 100m2 Wohnfl\u00e4che und zwei Nasszellen. Im Eingangsbereich befindet sich eine Garderobe. Die offene K\u00fcche mit Kochinsel bietet viel Stauraum, einen Glaskeramikherd mit eingelassenem Dampfabzug inkl. wartungsfreiem Plasmafilter, K\u00fchlschrank und Backofen.Vom ger\u00e4umigen, hellen Wohnraum gelangt man auf den grossen Sitzplatz, von welchem eine wunderbare Aussicht genossen &hellip; <\/p>\n<p class=\"link-more\"><a href=\"https:\/\/foxdenimmo.ch\/?page_id=108\" class=\"more-link\"><span class=\"screen-reader-text\">\u201eWHG-02 &#8211; 3,5 Zimmer Gartenwohnung im Erdgeschoss\u201c <\/span>weiterlesen<\/a><\/p>\n","protected":false},"author":1,"featured_media":0,"parent":36,"menu_order":0,"comment_status":"closed","ping_status":"closed","template":"","meta":{"footnotes":""},"class_list":["post-108","page","type-page","status-publish","hentry"],"yoast_head":"<!-- This site is optimized with the Yoast SEO plugin v27.3 - https:\/\/yoast.com\/product\/yoast-seo-wordpress\/ -->\n<title>WHG-02 - 3,5 Zimmer Gartenwohnung im Erdgeschoss - FoxDen Immo AG<\/title>\n<meta name=\"robots\" content=\"index, follow, max-snippet:-1, max-image-preview:large, max-video-preview:-1\" \/>\n<link rel=\"canonical\" href=\"https:\/\/foxdenimmo.ch\/?page_id=108\" \/>\n<meta property=\"og:locale\" content=\"de_DE\" \/>\n<meta property=\"og:type\" content=\"article\" \/>\n<meta property=\"og:title\" content=\"WHG-02 - 3,5 Zimmer Gartenwohnung im Erdgeschoss - FoxDen Immo AG\" \/>\n<meta property=\"og:description\" content=\"Beschreibung Die grossz\u00fcgige 3,5 Zimmer Gartenwohnung verf\u00fcgt \u00fcber mehr als 100m2 Wohnfl\u00e4che und zwei Nasszellen. Im Eingangsbereich befindet sich eine Garderobe. Die offene K\u00fcche mit Kochinsel bietet viel Stauraum, einen Glaskeramikherd mit eingelassenem Dampfabzug inkl. wartungsfreiem Plasmafilter, K\u00fchlschrank und Backofen.Vom ger\u00e4umigen, hellen Wohnraum gelangt man auf den grossen Sitzplatz, von welchem eine wunderbare Aussicht genossen &hellip; \u201eWHG-02 &#8211; 3,5 Zimmer Gartenwohnung im Erdgeschoss\u201c weiterlesen\" \/>\n<meta property=\"og:url\" content=\"https:\/\/foxdenimmo.ch\/?page_id=108\" \/>\n<meta property=\"og:site_name\" content=\"FoxDen Immo AG\" \/>\n<meta property=\"article:modified_time\" content=\"2023-09-29T14:44:52+00:00\" \/>\n<meta property=\"og:image\" content=\"https:\/\/foxdenimmo.ch\/wp-content\/uploads\/2023\/05\/WHG-02_3.5-EG-Grundriss-664x1024.png\" \/>\n<meta name=\"twitter:card\" content=\"summary_large_image\" \/>\n<meta name=\"twitter:label1\" content=\"Gesch\u00e4tzte Lesezeit\" \/>\n\t<meta name=\"twitter:data1\" content=\"2\u00a0Minuten\" \/>\n<script type=\"application\/ld+json\" class=\"yoast-schema-graph\">{\"@context\":\"https:\\\/\\\/schema.org\",\"@graph\":[{\"@type\":\"WebPage\",\"@id\":\"https:\\\/\\\/foxdenimmo.ch\\\/?page_id=108\",\"url\":\"https:\\\/\\\/foxdenimmo.ch\\\/?page_id=108\",\"name\":\"WHG-02 - 3,5 Zimmer Gartenwohnung im Erdgeschoss - FoxDen Immo AG\",\"isPartOf\":{\"@id\":\"https:\\\/\\\/foxdenimmo.ch\\\/#website\"},\"primaryImageOfPage\":{\"@id\":\"https:\\\/\\\/foxdenimmo.ch\\\/?page_id=108#primaryimage\"},\"image\":{\"@id\":\"https:\\\/\\\/foxdenimmo.ch\\\/?page_id=108#primaryimage\"},\"thumbnailUrl\":\"https:\\\/\\\/foxdenimmo.ch\\\/wp-content\\\/uploads\\\/2023\\\/05\\\/WHG-02_3.5-EG-Grundriss-664x1024.png\",\"datePublished\":\"2023-03-26T19:25:18+00:00\",\"dateModified\":\"2023-09-29T14:44:52+00:00\",\"breadcrumb\":{\"@id\":\"https:\\\/\\\/foxdenimmo.ch\\\/?page_id=108#breadcrumb\"},\"inLanguage\":\"de\",\"potentialAction\":[{\"@type\":\"ReadAction\",\"target\":[\"https:\\\/\\\/foxdenimmo.ch\\\/?page_id=108\"]}]},{\"@type\":\"ImageObject\",\"inLanguage\":\"de\",\"@id\":\"https:\\\/\\\/foxdenimmo.ch\\\/?page_id=108#primaryimage\",\"url\":\"https:\\\/\\\/foxdenimmo.ch\\\/wp-content\\\/uploads\\\/2023\\\/05\\\/WHG-02_3.5-EG-Grundriss.png\",\"contentUrl\":\"https:\\\/\\\/foxdenimmo.ch\\\/wp-content\\\/uploads\\\/2023\\\/05\\\/WHG-02_3.5-EG-Grundriss.png\",\"width\":1151,\"height\":1775},{\"@type\":\"BreadcrumbList\",\"@id\":\"https:\\\/\\\/foxdenimmo.ch\\\/?page_id=108#breadcrumb\",\"itemListElement\":[{\"@type\":\"ListItem\",\"position\":1,\"name\":\"Startseite\",\"item\":\"https:\\\/\\\/foxdenimmo.ch\\\/\"},{\"@type\":\"ListItem\",\"position\":2,\"name\":\"\u00dcberbauung Sch\u00f6nb\u00fcelstrasse\",\"item\":\"https:\\\/\\\/foxdenimmo.ch\\\/?page_id=36\"},{\"@type\":\"ListItem\",\"position\":3,\"name\":\"WHG-02 &#8211; 3,5 Zimmer Gartenwohnung im Erdgeschoss\"}]},{\"@type\":\"WebSite\",\"@id\":\"https:\\\/\\\/foxdenimmo.ch\\\/#website\",\"url\":\"https:\\\/\\\/foxdenimmo.ch\\\/\",\"name\":\"FoxDen Immo AG\",\"description\":\"\",\"publisher\":{\"@id\":\"https:\\\/\\\/foxdenimmo.ch\\\/#organization\"},\"potentialAction\":[{\"@type\":\"SearchAction\",\"target\":{\"@type\":\"EntryPoint\",\"urlTemplate\":\"https:\\\/\\\/foxdenimmo.ch\\\/?s={search_term_string}\"},\"query-input\":{\"@type\":\"PropertyValueSpecification\",\"valueRequired\":true,\"valueName\":\"search_term_string\"}}],\"inLanguage\":\"de\"},{\"@type\":\"Organization\",\"@id\":\"https:\\\/\\\/foxdenimmo.ch\\\/#organization\",\"name\":\"FoxDen Immo AG\",\"url\":\"https:\\\/\\\/foxdenimmo.ch\\\/\",\"logo\":{\"@type\":\"ImageObject\",\"inLanguage\":\"de\",\"@id\":\"https:\\\/\\\/foxdenimmo.ch\\\/#\\\/schema\\\/logo\\\/image\\\/\",\"url\":\"https:\\\/\\\/foxdenimmo.ch\\\/wp-content\\\/uploads\\\/2023\\\/03\\\/cropped-logo-orange-transparent-whiteFont.png\",\"contentUrl\":\"https:\\\/\\\/foxdenimmo.ch\\\/wp-content\\\/uploads\\\/2023\\\/03\\\/cropped-logo-orange-transparent-whiteFont.png\",\"width\":605,\"height\":250,\"caption\":\"FoxDen Immo AG\"},\"image\":{\"@id\":\"https:\\\/\\\/foxdenimmo.ch\\\/#\\\/schema\\\/logo\\\/image\\\/\"}}]}<\/script>\n<!-- \/ Yoast SEO plugin. -->","yoast_head_json":{"title":"WHG-02 - 3,5 Zimmer Gartenwohnung im Erdgeschoss - FoxDen Immo AG","robots":{"index":"index","follow":"follow","max-snippet":"max-snippet:-1","max-image-preview":"max-image-preview:large","max-video-preview":"max-video-preview:-1"},"canonical":"https:\/\/foxdenimmo.ch\/?page_id=108","og_locale":"de_DE","og_type":"article","og_title":"WHG-02 - 3,5 Zimmer Gartenwohnung im Erdgeschoss - FoxDen Immo AG","og_description":"Beschreibung Die grossz\u00fcgige 3,5 Zimmer Gartenwohnung verf\u00fcgt \u00fcber mehr als 100m2 Wohnfl\u00e4che und zwei Nasszellen. Im Eingangsbereich befindet sich eine Garderobe. Die offene K\u00fcche mit Kochinsel bietet viel Stauraum, einen Glaskeramikherd mit eingelassenem Dampfabzug inkl. wartungsfreiem Plasmafilter, K\u00fchlschrank und Backofen.Vom ger\u00e4umigen, hellen Wohnraum gelangt man auf den grossen Sitzplatz, von welchem eine wunderbare Aussicht genossen &hellip; \u201eWHG-02 &#8211; 3,5 Zimmer Gartenwohnung im Erdgeschoss\u201c weiterlesen","og_url":"https:\/\/foxdenimmo.ch\/?page_id=108","og_site_name":"FoxDen Immo AG","article_modified_time":"2023-09-29T14:44:52+00:00","og_image":[{"url":"https:\/\/foxdenimmo.ch\/wp-content\/uploads\/2023\/05\/WHG-02_3.5-EG-Grundriss-664x1024.png","type":"","width":"","height":""}],"twitter_card":"summary_large_image","twitter_misc":{"Gesch\u00e4tzte Lesezeit":"2\u00a0Minuten"},"schema":{"@context":"https:\/\/schema.org","@graph":[{"@type":"WebPage","@id":"https:\/\/foxdenimmo.ch\/?page_id=108","url":"https:\/\/foxdenimmo.ch\/?page_id=108","name":"WHG-02 - 3,5 Zimmer Gartenwohnung im Erdgeschoss - FoxDen Immo AG","isPartOf":{"@id":"https:\/\/foxdenimmo.ch\/#website"},"primaryImageOfPage":{"@id":"https:\/\/foxdenimmo.ch\/?page_id=108#primaryimage"},"image":{"@id":"https:\/\/foxdenimmo.ch\/?page_id=108#primaryimage"},"thumbnailUrl":"https:\/\/foxdenimmo.ch\/wp-content\/uploads\/2023\/05\/WHG-02_3.5-EG-Grundriss-664x1024.png","datePublished":"2023-03-26T19:25:18+00:00","dateModified":"2023-09-29T14:44:52+00:00","breadcrumb":{"@id":"https:\/\/foxdenimmo.ch\/?page_id=108#breadcrumb"},"inLanguage":"de","potentialAction":[{"@type":"ReadAction","target":["https:\/\/foxdenimmo.ch\/?page_id=108"]}]},{"@type":"ImageObject","inLanguage":"de","@id":"https:\/\/foxdenimmo.ch\/?page_id=108#primaryimage","url":"https:\/\/foxdenimmo.ch\/wp-content\/uploads\/2023\/05\/WHG-02_3.5-EG-Grundriss.png","contentUrl":"https:\/\/foxdenimmo.ch\/wp-content\/uploads\/2023\/05\/WHG-02_3.5-EG-Grundriss.png","width":1151,"height":1775},{"@type":"BreadcrumbList","@id":"https:\/\/foxdenimmo.ch\/?page_id=108#breadcrumb","itemListElement":[{"@type":"ListItem","position":1,"name":"Startseite","item":"https:\/\/foxdenimmo.ch\/"},{"@type":"ListItem","position":2,"name":"\u00dcberbauung Sch\u00f6nb\u00fcelstrasse","item":"https:\/\/foxdenimmo.ch\/?page_id=36"},{"@type":"ListItem","position":3,"name":"WHG-02 &#8211; 3,5 Zimmer Gartenwohnung im Erdgeschoss"}]},{"@type":"WebSite","@id":"https:\/\/foxdenimmo.ch\/#website","url":"https:\/\/foxdenimmo.ch\/","name":"FoxDen Immo AG","description":"","publisher":{"@id":"https:\/\/foxdenimmo.ch\/#organization"},"potentialAction":[{"@type":"SearchAction","target":{"@type":"EntryPoint","urlTemplate":"https:\/\/foxdenimmo.ch\/?s={search_term_string}"},"query-input":{"@type":"PropertyValueSpecification","valueRequired":true,"valueName":"search_term_string"}}],"inLanguage":"de"},{"@type":"Organization","@id":"https:\/\/foxdenimmo.ch\/#organization","name":"FoxDen Immo AG","url":"https:\/\/foxdenimmo.ch\/","logo":{"@type":"ImageObject","inLanguage":"de","@id":"https:\/\/foxdenimmo.ch\/#\/schema\/logo\/image\/","url":"https:\/\/foxdenimmo.ch\/wp-content\/uploads\/2023\/03\/cropped-logo-orange-transparent-whiteFont.png","contentUrl":"https:\/\/foxdenimmo.ch\/wp-content\/uploads\/2023\/03\/cropped-logo-orange-transparent-whiteFont.png","width":605,"height":250,"caption":"FoxDen Immo AG"},"image":{"@id":"https:\/\/foxdenimmo.ch\/#\/schema\/logo\/image\/"}}]}},"jetpack_sharing_enabled":true,"_links":{"self":[{"href":"https:\/\/foxdenimmo.ch\/index.php?rest_route=\/wp\/v2\/pages\/108","targetHints":{"allow":["GET"]}}],"collection":[{"href":"https:\/\/foxdenimmo.ch\/index.php?rest_route=\/wp\/v2\/pages"}],"about":[{"href":"https:\/\/foxdenimmo.ch\/index.php?rest_route=\/wp\/v2\/types\/page"}],"author":[{"embeddable":true,"href":"https:\/\/foxdenimmo.ch\/index.php?rest_route=\/wp\/v2\/users\/1"}],"replies":[{"embeddable":true,"href":"https:\/\/foxdenimmo.ch\/index.php?rest_route=%2Fwp%2Fv2%2Fcomments&post=108"}],"version-history":[{"count":8,"href":"https:\/\/foxdenimmo.ch\/index.php?rest_route=\/wp\/v2\/pages\/108\/revisions"}],"predecessor-version":[{"id":286,"href":"https:\/\/foxdenimmo.ch\/index.php?rest_route=\/wp\/v2\/pages\/108\/revisions\/286"}],"up":[{"embeddable":true,"href":"https:\/\/foxdenimmo.ch\/index.php?rest_route=\/wp\/v2\/pages\/36"}],"wp:attachment":[{"href":"https:\/\/foxdenimmo.ch\/index.php?rest_route=%2Fwp%2Fv2%2Fmedia&parent=108"}],"curies":[{"name":"wp","href":"https:\/\/api.w.org\/{rel}","templated":true}]}}