{"id":10,"date":"2023-03-26T12:08:05","date_gmt":"2023-03-26T12:08:05","guid":{"rendered":"https:\/\/sb.foxdenimmo.ch\/wp\/?page_id=10"},"modified":"2023-05-01T15:45:55","modified_gmt":"2023-05-01T13:45:55","slug":"startseite","status":"publish","type":"page","link":"https:\/\/foxdenimmo.ch\/","title":{"rendered":"Welcome"},"content":{"rendered":"\n<p>Herzlich Willkommen auf der Website der FoxDen Immo AG. <\/p>\n\n\n\n<p>Hier finden Sie Informationen zur unseren Immobilien. Bitte w\u00e4hlen Sie den entsprechenden Men\u00fc-Eintrag, um mehr zu erfahren. <\/p>\n\n\n\n<p>Bei Fragen z\u00f6gern Sie nicht, uns zu <a href=\"https:\/\/foxdenimmo.ch\/?page_id=132\">kontaktieren<\/a>!<\/p>\n","protected":false},"excerpt":{"rendered":"<p>Herzlich Willkommen auf der Website der FoxDen Immo AG. Hier finden Sie Informationen zur unseren Immobilien. Bitte w\u00e4hlen Sie den entsprechenden Men\u00fc-Eintrag, um mehr zu erfahren. Bei Fragen z\u00f6gern Sie nicht, uns zu kontaktieren!<\/p>\n","protected":false},"author":1,"featured_media":0,"parent":0,"menu_order":0,"comment_status":"closed","ping_status":"closed","template":"","meta":{"footnotes":""},"class_list":["post-10","page","type-page","status-publish","hentry"],"yoast_head":"<!-- This site is optimized with the Yoast SEO plugin v27.3 - https:\/\/yoast.com\/product\/yoast-seo-wordpress\/ -->\n<title>Welcome - FoxDen Immo AG<\/title>\n<meta name=\"robots\" content=\"index, follow, max-snippet:-1, max-image-preview:large, max-video-preview:-1\" \/>\n<link rel=\"canonical\" href=\"https:\/\/foxdenimmo.ch\/\" \/>\n<meta property=\"og:locale\" content=\"de_DE\" \/>\n<meta property=\"og:type\" content=\"article\" \/>\n<meta property=\"og:title\" content=\"Welcome - FoxDen Immo AG\" \/>\n<meta property=\"og:description\" content=\"Herzlich Willkommen auf der Website der FoxDen Immo AG. Hier finden Sie Informationen zur unseren Immobilien. Bitte w\u00e4hlen Sie den entsprechenden Men\u00fc-Eintrag, um mehr zu erfahren. Bei Fragen z\u00f6gern Sie nicht, uns zu kontaktieren!\" \/>\n<meta property=\"og:url\" content=\"https:\/\/foxdenimmo.ch\/\" \/>\n<meta property=\"og:site_name\" content=\"FoxDen Immo AG\" \/>\n<meta property=\"article:modified_time\" content=\"2023-05-01T13:45:55+00:00\" \/>\n<meta name=\"twitter:card\" content=\"summary_large_image\" \/>\n<meta name=\"twitter:label1\" content=\"Gesch\u00e4tzte Lesezeit\" \/>\n\t<meta name=\"twitter:data1\" content=\"1\u00a0Minute\" \/>\n<script type=\"application\/ld+json\" class=\"yoast-schema-graph\">{\"@context\":\"https:\\\/\\\/schema.org\",\"@graph\":[{\"@type\":\"WebPage\",\"@id\":\"https:\\\/\\\/foxdenimmo.ch\\\/\",\"url\":\"https:\\\/\\\/foxdenimmo.ch\\\/\",\"name\":\"Welcome - FoxDen Immo AG\",\"isPartOf\":{\"@id\":\"https:\\\/\\\/foxdenimmo.ch\\\/#website\"},\"datePublished\":\"2023-03-26T12:08:05+00:00\",\"dateModified\":\"2023-05-01T13:45:55+00:00\",\"breadcrumb\":{\"@id\":\"https:\\\/\\\/foxdenimmo.ch\\\/#breadcrumb\"},\"inLanguage\":\"de\",\"potentialAction\":[{\"@type\":\"ReadAction\",\"target\":[\"https:\\\/\\\/foxdenimmo.ch\\\/\"]}]},{\"@type\":\"BreadcrumbList\",\"@id\":\"https:\\\/\\\/foxdenimmo.ch\\\/#breadcrumb\",\"itemListElement\":[{\"@type\":\"ListItem\",\"position\":1,\"name\":\"Startseite\",\"item\":\"https:\\\/\\\/foxdenimmo.ch\\\/\"},{\"@type\":\"ListItem\",\"position\":2,\"name\":\"Welcome\"}]},{\"@type\":\"WebSite\",\"@id\":\"https:\\\/\\\/foxdenimmo.ch\\\/#website\",\"url\":\"https:\\\/\\\/foxdenimmo.ch\\\/\",\"name\":\"FoxDen Immo AG\",\"description\":\"\",\"publisher\":{\"@id\":\"https:\\\/\\\/foxdenimmo.ch\\\/#organization\"},\"potentialAction\":[{\"@type\":\"SearchAction\",\"target\":{\"@type\":\"EntryPoint\",\"urlTemplate\":\"https:\\\/\\\/foxdenimmo.ch\\\/?s={search_term_string}\"},\"query-input\":{\"@type\":\"PropertyValueSpecification\",\"valueRequired\":true,\"valueName\":\"search_term_string\"}}],\"inLanguage\":\"de\"},{\"@type\":\"Organization\",\"@id\":\"https:\\\/\\\/foxdenimmo.ch\\\/#organization\",\"name\":\"FoxDen Immo AG\",\"url\":\"https:\\\/\\\/foxdenimmo.ch\\\/\",\"logo\":{\"@type\":\"ImageObject\",\"inLanguage\":\"de\",\"@id\":\"https:\\\/\\\/foxdenimmo.ch\\\/#\\\/schema\\\/logo\\\/image\\\/\",\"url\":\"https:\\\/\\\/foxdenimmo.ch\\\/wp-content\\\/uploads\\\/2023\\\/03\\\/cropped-logo-orange-transparent-whiteFont.png\",\"contentUrl\":\"https:\\\/\\\/foxdenimmo.ch\\\/wp-content\\\/uploads\\\/2023\\\/03\\\/cropped-logo-orange-transparent-whiteFont.png\",\"width\":605,\"height\":250,\"caption\":\"FoxDen Immo AG\"},\"image\":{\"@id\":\"https:\\\/\\\/foxdenimmo.ch\\\/#\\\/schema\\\/logo\\\/image\\\/\"}}]}<\/script>\n<!-- \/ Yoast SEO plugin. -->","yoast_head_json":{"title":"Welcome - FoxDen Immo AG","robots":{"index":"index","follow":"follow","max-snippet":"max-snippet:-1","max-image-preview":"max-image-preview:large","max-video-preview":"max-video-preview:-1"},"canonical":"https:\/\/foxdenimmo.ch\/","og_locale":"de_DE","og_type":"article","og_title":"Welcome - FoxDen Immo AG","og_description":"Herzlich Willkommen auf der Website der FoxDen Immo AG. Hier finden Sie Informationen zur unseren Immobilien. Bitte w\u00e4hlen Sie den entsprechenden Men\u00fc-Eintrag, um mehr zu erfahren. Bei Fragen z\u00f6gern Sie nicht, uns zu kontaktieren!","og_url":"https:\/\/foxdenimmo.ch\/","og_site_name":"FoxDen Immo AG","article_modified_time":"2023-05-01T13:45:55+00:00","twitter_card":"summary_large_image","twitter_misc":{"Gesch\u00e4tzte Lesezeit":"1\u00a0Minute"},"schema":{"@context":"https:\/\/schema.org","@graph":[{"@type":"WebPage","@id":"https:\/\/foxdenimmo.ch\/","url":"https:\/\/foxdenimmo.ch\/","name":"Welcome - FoxDen Immo AG","isPartOf":{"@id":"https:\/\/foxdenimmo.ch\/#website"},"datePublished":"2023-03-26T12:08:05+00:00","dateModified":"2023-05-01T13:45:55+00:00","breadcrumb":{"@id":"https:\/\/foxdenimmo.ch\/#breadcrumb"},"inLanguage":"de","potentialAction":[{"@type":"ReadAction","target":["https:\/\/foxdenimmo.ch\/"]}]},{"@type":"BreadcrumbList","@id":"https:\/\/foxdenimmo.ch\/#breadcrumb","itemListElement":[{"@type":"ListItem","position":1,"name":"Startseite","item":"https:\/\/foxdenimmo.ch\/"},{"@type":"ListItem","position":2,"name":"Welcome"}]},{"@type":"WebSite","@id":"https:\/\/foxdenimmo.ch\/#website","url":"https:\/\/foxdenimmo.ch\/","name":"FoxDen Immo AG","description":"","publisher":{"@id":"https:\/\/foxdenimmo.ch\/#organization"},"potentialAction":[{"@type":"SearchAction","target":{"@type":"EntryPoint","urlTemplate":"https:\/\/foxdenimmo.ch\/?s={search_term_string}"},"query-input":{"@type":"PropertyValueSpecification","valueRequired":true,"valueName":"search_term_string"}}],"inLanguage":"de"},{"@type":"Organization","@id":"https:\/\/foxdenimmo.ch\/#organization","name":"FoxDen Immo AG","url":"https:\/\/foxdenimmo.ch\/","logo":{"@type":"ImageObject","inLanguage":"de","@id":"https:\/\/foxdenimmo.ch\/#\/schema\/logo\/image\/","url":"https:\/\/foxdenimmo.ch\/wp-content\/uploads\/2023\/03\/cropped-logo-orange-transparent-whiteFont.png","contentUrl":"https:\/\/foxdenimmo.ch\/wp-content\/uploads\/2023\/03\/cropped-logo-orange-transparent-whiteFont.png","width":605,"height":250,"caption":"FoxDen Immo AG"},"image":{"@id":"https:\/\/foxdenimmo.ch\/#\/schema\/logo\/image\/"}}]}},"jetpack_sharing_enabled":true,"_links":{"self":[{"href":"https:\/\/foxdenimmo.ch\/index.php?rest_route=\/wp\/v2\/pages\/10","targetHints":{"allow":["GET"]}}],"collection":[{"href":"https:\/\/foxdenimmo.ch\/index.php?rest_route=\/wp\/v2\/pages"}],"about":[{"href":"https:\/\/foxdenimmo.ch\/index.php?rest_route=\/wp\/v2\/types\/page"}],"author":[{"embeddable":true,"href":"https:\/\/foxdenimmo.ch\/index.php?rest_route=\/wp\/v2\/users\/1"}],"replies":[{"embeddable":true,"href":"https:\/\/foxdenimmo.ch\/index.php?rest_route=%2Fwp%2Fv2%2Fcomments&post=10"}],"version-history":[{"count":9,"href":"https:\/\/foxdenimmo.ch\/index.php?rest_route=\/wp\/v2\/pages\/10\/revisions"}],"predecessor-version":[{"id":233,"href":"https:\/\/foxdenimmo.ch\/index.php?rest_route=\/wp\/v2\/pages\/10\/revisions\/233"}],"wp:attachment":[{"href":"https:\/\/foxdenimmo.ch\/index.php?rest_route=%2Fwp%2Fv2%2Fmedia&parent=10"}],"curies":[{"name":"wp","href":"https:\/\/api.w.org\/{rel}","templated":true}]}}